{"id":2888,"date":"2017-04-20T07:45:02","date_gmt":"2017-04-20T07:45:02","guid":{"rendered":"http:\/\/demo2.steelthemes.com\/factoryhub\/?page_id=11"},"modified":"2024-09-10T22:05:40","modified_gmt":"2024-09-10T22:05:40","slug":"home-page-1","status":"publish","type":"page","link":"https:\/\/torreverde.cl\/","title":{"rendered":"Home Page 1"},"content":{"rendered":"<div class=\"wpb-content-wrapper\"><p>[vc_row full_width=\u00bbstretch_row_content_no_spaces\u00bb][vc_column][rev_slider_vc alias=\u00bbslider_1&#8243;][\/vc_column][\/vc_row][vc_row enable_parallax=\u00bbyes\u00bb css=\u00bb.vc_custom_1493345943865{padding-top: 85px !important;padding-bottom: 85px !important;background-image: url(http:\/\/demo2.steelthemes.com\/factoryhub\/wp-content\/uploads\/sites\/5\/2017\/04\/bg-iconbox-1.jpg?id=24) !important;}\u00bb][vc_column][vc_row_inner][vc_column_inner offset=\u00bbvc_col-lg-4 vc_col-md-4&#8243;]<div class=\" fh-icon-box-4 dark-version icon-center\" style=\"background-image: url()\"> <span class=\"fh-icon\"><i class=\"fa fa-clock-o\"><\/i><\/span> <h4>RESPUESTA 24X7<\/h4><div class=\"desc\"><p>Reparaciones a eventos<br \/>\ncorrectivos en todo horario<\/p>\n<\/div><a class=\"icon-box-link\" href=\"\" target=\"_self\"><i class=\"fa fa-long-arrow-right\" aria-hidden=\"true\"><\/i><\/a><\/div>[\/vc_column_inner][vc_column_inner offset=\u00bbvc_col-lg-4 vc_col-md-4&#8243;]<div class=\" fh-icon-box-4 dark-version icon-center\" style=\"background-image: url()\"> <span class=\"fh-icon\"><i class=\"fa fa-truck\"><\/i><\/span> <h4>AGILIDAD<\/h4><div class=\"desc\"><p>Personal distribuido entre las zonas<br \/>\nDe cobertura geogr\u00e1ficas de servicios<\/p>\n<\/div><a class=\"icon-box-link\" href=\"\" target=\"_self\"><i class=\"fa fa-long-arrow-right\" aria-hidden=\"true\"><\/i><\/a><\/div>[\/vc_column_inner][vc_column_inner offset=\u00bbvc_col-lg-4 vc_col-md-4&#8243;]<div class=\" fh-icon-box-4 dark-version icon-center\" style=\"background-image: url()\"> <span class=\"fh-icon\"><i class=\"fa fa-user-plus\"><\/i><\/span> <h4>ADAPTABILIDAD<\/h4><div class=\"desc\"><p>Trabajo de acuerdo a los<br \/>\nRequerimientos de cada cliente<\/p>\n<\/div><a class=\"icon-box-link\" href=\"\" target=\"_self\"><i class=\"fa fa-long-arrow-right\" aria-hidden=\"true\"><\/i><\/a><\/div>[\/vc_column_inner][\/vc_row_inner][\/vc_column][\/vc_row][vc_row css=\u00bb.vc_custom_1493883474048{padding-top: 70px !important;}\u00bb][vc_column][\/vc_column][\/vc_row][vc_row css=\u00bb.vc_custom_1493883483824{padding-top: 50px !important;padding-bottom: 80px !important;}\u00bb][vc_column offset=\u00bbvc_col-lg-4 vc_col-md-4&#8243;]<div class=\"fh-section-title clearfix  text-center style-1\">\n                <h2>NOSOTROS Y NUESTROS  COLABORADORES<\/h2>\n            <\/div>[vc_column_text css=\u00bb.vc_custom_1725856030177{margin-bottom: 25px !important;}\u00bb]<\/p>\n<p style=\"text-align: left;\">10 a\u00f1os de experiencia en la<br \/>\nMantenci\u00f3n, revisi\u00f3n y reparaci\u00f3n de<br \/>\nSistemas de aguas, en rubros Industriales,<br \/>\nAgroindustriales y Servicentros.[\/vc_column_text][\/vc_column][vc_column css=\u00bb.vc_custom_1494302424589{border-top-width: 1px !important;border-right-width: 1px !important;border-bottom-width: 1px !important;border-left-width: 1px !important;padding-top: 30px !important;border-left-color: #f4f4f4 !important;border-left-style: solid !important;border-right-color: #f4f4f4 !important;border-right-style: solid !important;border-top-color: #f4f4f4 !important;border-top-style: solid !important;border-bottom-color: #f4f4f4 !important;border-bottom-style: solid !important;}\u00bb offset=\u00bbvc_col-lg-4 vc_col-md-4&#8243; el_class=\u00bbfh_vc_list-service\u00bb][vc_column_text css=\u00bb\u00bb]<strong>\u00bfQu\u00e9 hacemos?<\/strong><\/p>\n<p style=\"text-align: left;\">Ejecutamos servicios que buscan generar<br \/>\nUn beneficio e impacto positivo para el<br \/>\nMedioambiente[\/vc_column_text]<div class=\"fh-service-list \">\n                <ul><li>\n\t\t\t\t\t<a href=\"https:\/\/torreverde.cl\/index.php\/service\/tratamiento-de-agua-y-residuos-liquidos\/\"><i class=\"fa fa-check-circle-o\"><\/i>Tratamiento de Agua y Residuos L\u00edquidos<\/a>\n\t\t\t\t<\/li><li>\n\t\t\t\t\t<a href=\"https:\/\/torreverde.cl\/index.php\/service\/agriculture-processing\/\"><i class=\"fa fa-check-circle-o\"><\/i>Gesti\u00f3n ambiental y sustentabilidad<\/a>\n\t\t\t\t<\/li><\/ul>\n            <\/div>[\/vc_column][vc_column offset=\u00bbvc_col-lg-4 vc_col-md-4&#8243;][vc_tta_accordion shape=\u00bbsquare\u00bb gap=\u00bb10&#8243; c_icon=\u00bb\u00bb active_section=\u00bb1&#8243; collapsible_all=\u00bbtrue\u00bb el_class=\u00bbfh-accordion\u00bb][vc_tta_section i_position=\u00bbright\u00bb i_icon_fontawesome=\u00bbfas fa-sign-in-alt\u00bb add_icon=\u00bbtrue\u00bb title=\u00bbNUESTRA MISI\u00d3N\u00bb tab_id=\u00bb1493883505642-6edd31e0-0366&#8243;][vc_column_text css=\u00bb\u00bb]MISI\u00d3N: Realizar trabajos como empresa contratista que busquen el desarrollo sustentable, brindando servicios de alta calidad que cumplan con las expectativas y exigencias de nuestros clientes. Velar por el cuidado de nuestros colaboradores, el medio ambiente y el buen trato con nuestros proveedores y empresas subcontratistas.[\/vc_column_text][\/vc_tta_section][vc_tta_section i_position=\u00bbright\u00bb i_icon_fontawesome=\u00bbfas fa-sign-in-alt\u00bb add_icon=\u00bbtrue\u00bb title=\u00bbNUESTRA VISI\u00d3N\u00bb tab_id=\u00bb1493883505692-95351ff5-393f\u00bb][vc_column_text css=\u00bb\u00bb]VISION: Ser una empresa reconocida en trayectoria, prestigio y profesionalismo a nivel nacional, con l\u00edneas de negocios que brinden plena satisfacci\u00f3n a las necesidades de nuestros clientes, que pueda aportar econ\u00f3mica y socialmente al desarrollo sostenible de nuestro pa\u00eds.[\/vc_column_text][\/vc_tta_section][\/vc_tta_accordion][\/vc_column][\/vc_row][vc_row enable_parallax=\u00bbyes\u00bb css=\u00bb.vc_custom_1493347648913{margin-bottom: 80px !important;padding-top: 75px !important;padding-bottom: 75px !important;background-image: url(http:\/\/demo2.steelthemes.com\/factoryhub\/wp-content\/uploads\/sites\/5\/2017\/04\/text-bg-2.jpg?id=2658) !important;}\u00bb][vc_column][vc_column_text css=\u00bb\u00bb]<\/p>\n<p style=\"color: #04192b; font-size: 30px; font-weight: 300; text-align: center; width: 74%; margin: 0 auto;\">Apoyo y asesoramiento contin\u00fao a nuestros clientes brindado por un equipo de trabajo que posee un alto nivel de compromiso, dedicaci\u00f3n y profesionalismo.<\/p>\n<p>[\/vc_column_text][\/vc_column][\/vc_row][vc_row css=\u00bb.vc_custom_1493095504602{padding-top: 80px !important;padding-bottom: 80px !important;background-image: url(http:\/\/demo2.steelthemes.com\/factoryhub\/wp-content\/uploads\/sites\/5\/2017\/04\/request-bg-1.jpg?id=27) !important;}\u00bb][vc_column offset=\u00bbvc_col-lg-4 vc_col-md-6&#8243;]<div class=\"fh-section-title clearfix  text-left style-1\">\n                <h2>CONVERSEMOS <\/h2>\n            <\/div>[vc_column_text css=\u00bb.vc_custom_1726005874242{padding-top: 50px !important;padding-bottom: 30px !important;}\u00bb]Los invitamos a rellenar nuestro formulario de correo<br \/>\nPara agendar una reuni\u00f3n con la empresa[\/vc_column_text][vc_column_text css=\u00bb\u00bb]La empresa mantendr\u00e1 \u00a0confidencialidad<br \/>\nDe toda informaci\u00f3n entregada[\/vc_column_text][\/vc_column][vc_column offset=\u00bbvc_col-lg-8 vc_col-md-6&#8243;]\n<div class=\"wpcf7 no-js\" id=\"wpcf7-f65-o1\" lang=\"en-US\" dir=\"ltr\" data-wpcf7-id=\"65\">\n<div class=\"screen-reader-response\"><p role=\"status\" aria-live=\"polite\" aria-atomic=\"true\"><\/p> <ul><\/ul><\/div>\n<form action=\"\/index.php\/wp-json\/wp\/v2\/pages\/2888#wpcf7-f65-o1\" method=\"post\" class=\"wpcf7-form init\" aria-label=\"Contact form\" novalidate=\"novalidate\" data-status=\"init\">\n<div style=\"display: none;\">\n<input type=\"hidden\" name=\"_wpcf7\" value=\"65\" \/>\n<input type=\"hidden\" name=\"_wpcf7_version\" value=\"6.0.3\" \/>\n<input type=\"hidden\" name=\"_wpcf7_locale\" value=\"en_US\" \/>\n<input type=\"hidden\" name=\"_wpcf7_unit_tag\" value=\"wpcf7-f65-o1\" \/>\n<input type=\"hidden\" name=\"_wpcf7_container_post\" value=\"0\" \/>\n<input type=\"hidden\" name=\"_wpcf7_posted_data_hash\" value=\"\" \/>\n<\/div>\n<div class=\"fh-form fh-form-2\">\n\t<p class=\"field first-row\"><span class=\"wpcf7-form-control-wrap\" data-name=\"first-name\"><input size=\"40\" maxlength=\"400\" class=\"wpcf7-form-control wpcf7-text wpcf7-validates-as-required\" aria-required=\"true\" aria-invalid=\"false\" placeholder=\"Su Nombre*\" value=\"\" type=\"text\" name=\"first-name\" \/><\/span>\n\t<\/p>\n\t<p class=\"field last-row\"><span class=\"wpcf7-form-control-wrap\" data-name=\"last-name\"><input size=\"40\" maxlength=\"400\" class=\"wpcf7-form-control wpcf7-text wpcf7-validates-as-required\" aria-required=\"true\" aria-invalid=\"false\" placeholder=\"Apellido*\" value=\"\" type=\"text\" name=\"last-name\" \/><\/span>\n\t<\/p>\n\t<p class=\"field first-row\"><span class=\"wpcf7-form-control-wrap\" data-name=\"your-email\"><input size=\"40\" maxlength=\"400\" class=\"wpcf7-form-control wpcf7-email wpcf7-validates-as-required wpcf7-text wpcf7-validates-as-email\" aria-required=\"true\" aria-invalid=\"false\" placeholder=\"Email*\" value=\"\" type=\"email\" name=\"your-email\" \/><\/span>\n\t<\/p>\n\t<p class=\"field last-row\"><span class=\"wpcf7-form-control-wrap\" data-name=\"menu-170\"><select class=\"wpcf7-form-control wpcf7-select\" aria-invalid=\"false\" name=\"menu-170\"><option value=\"Select Your Services\">Select Your Services<\/option><option value=\"Service 1\">Service 1<\/option><option value=\"Service 2\">Service 2<\/option><\/select><\/span>\n\t<\/p>\n\t<p class=\"field single-field\"><span class=\"wpcf7-form-control-wrap\" data-name=\"your-message\"><textarea cols=\"40\" rows=\"10\" maxlength=\"2000\" class=\"wpcf7-form-control wpcf7-textarea\" aria-invalid=\"false\" placeholder=\"Otros requisitos...\" name=\"your-message\"><\/textarea><\/span>\n\t<\/p>\n\t<p class=\"field submit\"><input class=\"wpcf7-form-control wpcf7-submit has-spinner fh-btn\" type=\"submit\" value=\"Enviar\" \/>\n\t<\/p>\n<\/div><div class=\"wpcf7-response-output\" aria-hidden=\"true\"><\/div>\n<\/form>\n<\/div>\n[\/vc_column][\/vc_row]<\/p>\n<\/div>","protected":false},"excerpt":{"rendered":"<p>[vc_row full_width=\u00bbstretch_row_content_no_spaces\u00bb][vc_column][rev_slider_vc alias=\u00bbslider_1&#8243;][\/vc_column][\/vc_row][vc_row enable_parallax=\u00bbyes\u00bb css=\u00bb.vc_custom_1493345943865{padding-top: 85px !important;padding-bottom: 85px !important;background-image: url(http:\/\/demo2.steelthemes.com\/factoryhub\/wp-content\/uploads\/sites\/5\/2017\/04\/bg-iconbox-1.jpg?id=24) !important;}\u00bb][vc_column][vc_row_inner][vc_column_inner offset=\u00bbvc_col-lg-4 vc_col-md-4&#8243;][\/vc_column_inner][vc_column_inner offset=\u00bbvc_col-lg-4 vc_col-md-4&#8243;][\/vc_column_inner][vc_column_inner offset=\u00bbvc_col-lg-4 vc_col-md-4&#8243;][\/vc_column_inner][\/vc_row_inner][\/vc_column][\/vc_row][vc_row css=\u00bb.vc_custom_1493883474048{padding-top: 70px !important;}\u00bb][vc_column][\/vc_column][\/vc_row][vc_row&hellip;<\/p>\n","protected":false},"author":1,"featured_media":0,"parent":0,"menu_order":0,"comment_status":"closed","ping_status":"closed","template":"template-homepage.php","meta":{"footnotes":""},"class_list":["post-2888","page","type-page","status-publish","hentry",""],"_links":{"self":[{"href":"https:\/\/torreverde.cl\/index.php\/wp-json\/wp\/v2\/pages\/2888","targetHints":{"allow":["GET"]}}],"collection":[{"href":"https:\/\/torreverde.cl\/index.php\/wp-json\/wp\/v2\/pages"}],"about":[{"href":"https:\/\/torreverde.cl\/index.php\/wp-json\/wp\/v2\/types\/page"}],"author":[{"embeddable":true,"href":"https:\/\/torreverde.cl\/index.php\/wp-json\/wp\/v2\/users\/1"}],"replies":[{"embeddable":true,"href":"https:\/\/torreverde.cl\/index.php\/wp-json\/wp\/v2\/comments?post=2888"}],"version-history":[{"count":27,"href":"https:\/\/torreverde.cl\/index.php\/wp-json\/wp\/v2\/pages\/2888\/revisions"}],"predecessor-version":[{"id":2955,"href":"https:\/\/torreverde.cl\/index.php\/wp-json\/wp\/v2\/pages\/2888\/revisions\/2955"}],"wp:attachment":[{"href":"https:\/\/torreverde.cl\/index.php\/wp-json\/wp\/v2\/media?parent=2888"}],"curies":[{"name":"wp","href":"https:\/\/api.w.org\/{rel}","templated":true}]}}